



{"id":4977,"date":"2023-11-29T12:08:58","date_gmt":"2023-11-29T11:08:58","guid":{"rendered":"https:\/\/kdartvisor.com\/?post_type=product&#038;p=4977"},"modified":"2023-12-03T11:33:53","modified_gmt":"2023-12-03T10:33:53","slug":"geometric-dove-black","status":"publish","type":"product","link":"https:\/\/kdartvisor.com\/index.php\/produit\/geometric-dove-black\/","title":{"rendered":"GEOMETRIC DOVE BLACK"},"content":{"rendered":"","protected":false},"excerpt":{"rendered":"<p><span style=\"font-size: 10pt;\"><span style=\"color: #000080;\"><strong>CONTACT VENTE 06 73 87 72 06<\/strong><\/span><\/span><\/p>\n<p>2021<\/p>\n<p>Edition exceptionnelle produite par UNDERDOGS Gallery \u00e0 225 exemplaires<\/p>\n<p>Impression num\u00e9rique sur carrelage<\/p>\n<p>Base du carrelage en li\u00e8ge<\/p>\n<p>15X15 cm<\/p>\n<p>Sign\u00e9e et num\u00e9rot\u00e9e<\/p>\n<p>&nbsp;<\/p>\n","protected":false},"featured_media":4979,"comment_status":"closed","ping_status":"closed","template":"","meta":[],"product_cat":[37],"product_tag":[41,102],"_links":{"self":[{"href":"https:\/\/kdartvisor.com\/index.php\/wp-json\/wp\/v2\/product\/4977"}],"collection":[{"href":"https:\/\/kdartvisor.com\/index.php\/wp-json\/wp\/v2\/product"}],"about":[{"href":"https:\/\/kdartvisor.com\/index.php\/wp-json\/wp\/v2\/types\/product"}],"replies":[{"embeddable":true,"href":"https:\/\/kdartvisor.com\/index.php\/wp-json\/wp\/v2\/comments?post=4977"}],"wp:featuredmedia":[{"embeddable":true,"href":"https:\/\/kdartvisor.com\/index.php\/wp-json\/wp\/v2\/media\/4979"}],"wp:attachment":[{"href":"https:\/\/kdartvisor.com\/index.php\/wp-json\/wp\/v2\/media?parent=4977"}],"wp:term":[{"taxonomy":"product_cat","embeddable":true,"href":"https:\/\/kdartvisor.com\/index.php\/wp-json\/wp\/v2\/product_cat?post=4977"},{"taxonomy":"product_tag","embeddable":true,"href":"https:\/\/kdartvisor.com\/index.php\/wp-json\/wp\/v2\/product_tag?post=4977"}],"curies":[{"name":"wp","href":"https:\/\/api.w.org\/{rel}","templated":true}]}}