



{"id":4676,"date":"2023-08-07T12:49:47","date_gmt":"2023-08-07T10:49:47","guid":{"rendered":"https:\/\/kdartvisor.com\/?post_type=product&#038;p=4676"},"modified":"2023-11-28T15:37:36","modified_gmt":"2023-11-28T14:37:36","slug":"ode-i-et-ii","status":"publish","type":"product","link":"https:\/\/kdartvisor.com\/index.php\/produit\/ode-i-et-ii\/","title":{"rendered":"ODE"},"content":{"rendered":"","protected":false},"excerpt":{"rendered":"<p><span style=\"font-size: 10pt;\"><span style=\"color: #000080;\"><strong>CONTACT VENTE 06 73 87 72 06<\/strong><\/span><\/span><\/p>\n<p><span style=\"font-size: 10pt;\">\u0152uvres uniques<\/span><\/p>\n<p><span style=\"font-size: 10pt;\">Mat\u00e9riau composite r\u00e9sin\u00e9, feuille d&rsquo;or<\/span><\/p>\n<p><span style=\"font-size: 10pt;\">35 cm<\/span><\/p>\n<p><span style=\"font-size: 10pt;\">\u0152uvre sign\u00e9e et dat\u00e9e<\/span><\/p>\n<p><span style=\"font-size: 10pt;\">Certificat d&rsquo;authenticit\u00e9<\/span><\/p>\n","protected":false},"featured_media":4946,"comment_status":"closed","ping_status":"closed","template":"","meta":[],"product_cat":[99],"product_tag":[100],"_links":{"self":[{"href":"https:\/\/kdartvisor.com\/index.php\/wp-json\/wp\/v2\/product\/4676"}],"collection":[{"href":"https:\/\/kdartvisor.com\/index.php\/wp-json\/wp\/v2\/product"}],"about":[{"href":"https:\/\/kdartvisor.com\/index.php\/wp-json\/wp\/v2\/types\/product"}],"replies":[{"embeddable":true,"href":"https:\/\/kdartvisor.com\/index.php\/wp-json\/wp\/v2\/comments?post=4676"}],"wp:featuredmedia":[{"embeddable":true,"href":"https:\/\/kdartvisor.com\/index.php\/wp-json\/wp\/v2\/media\/4946"}],"wp:attachment":[{"href":"https:\/\/kdartvisor.com\/index.php\/wp-json\/wp\/v2\/media?parent=4676"}],"wp:term":[{"taxonomy":"product_cat","embeddable":true,"href":"https:\/\/kdartvisor.com\/index.php\/wp-json\/wp\/v2\/product_cat?post=4676"},{"taxonomy":"product_tag","embeddable":true,"href":"https:\/\/kdartvisor.com\/index.php\/wp-json\/wp\/v2\/product_tag?post=4676"}],"curies":[{"name":"wp","href":"https:\/\/api.w.org\/{rel}","templated":true}]}}