



{"id":4671,"date":"2023-08-07T12:36:52","date_gmt":"2023-08-07T10:36:52","guid":{"rendered":"https:\/\/kdartvisor.com\/?post_type=product&#038;p=4671"},"modified":"2023-11-28T15:42:14","modified_gmt":"2023-11-28T14:42:14","slug":"la-femme-lisse","status":"publish","type":"product","link":"https:\/\/kdartvisor.com\/index.php\/produit\/la-femme-lisse\/","title":{"rendered":"LA FEMME LISSE"},"content":{"rendered":"","protected":false},"excerpt":{"rendered":"<p><span style=\"font-size: 10pt;\"><span style=\"color: #000080;\"><strong>CONTACT VENTE 06 73 87 72 06<\/strong><\/span><\/span><\/p>\n<p><span style=\"font-size: 10pt;\">\u0152uvre unique<\/span><\/p>\n<p><span style=\"font-size: 10pt;\">Mat\u00e9riau composite r\u00e9sin\u00e9, feuille d&rsquo;or<\/span><\/p>\n<p><span style=\"font-size: 10pt;\">97 \u00a0cm<\/span><\/p>\n<p><span style=\"font-size: 10pt;\">\u0152uvre sign\u00e9e et dat\u00e9e\u00a0<\/span><\/p>\n<p><span style=\"font-size: 10pt;\">Certificat d&rsquo;authenticit\u00e9<\/span><\/p>\n","protected":false},"featured_media":4637,"comment_status":"closed","ping_status":"closed","template":"","meta":[],"product_cat":[99],"product_tag":[100],"_links":{"self":[{"href":"https:\/\/kdartvisor.com\/index.php\/wp-json\/wp\/v2\/product\/4671"}],"collection":[{"href":"https:\/\/kdartvisor.com\/index.php\/wp-json\/wp\/v2\/product"}],"about":[{"href":"https:\/\/kdartvisor.com\/index.php\/wp-json\/wp\/v2\/types\/product"}],"replies":[{"embeddable":true,"href":"https:\/\/kdartvisor.com\/index.php\/wp-json\/wp\/v2\/comments?post=4671"}],"wp:featuredmedia":[{"embeddable":true,"href":"https:\/\/kdartvisor.com\/index.php\/wp-json\/wp\/v2\/media\/4637"}],"wp:attachment":[{"href":"https:\/\/kdartvisor.com\/index.php\/wp-json\/wp\/v2\/media?parent=4671"}],"wp:term":[{"taxonomy":"product_cat","embeddable":true,"href":"https:\/\/kdartvisor.com\/index.php\/wp-json\/wp\/v2\/product_cat?post=4671"},{"taxonomy":"product_tag","embeddable":true,"href":"https:\/\/kdartvisor.com\/index.php\/wp-json\/wp\/v2\/product_tag?post=4671"}],"curies":[{"name":"wp","href":"https:\/\/api.w.org\/{rel}","templated":true}]}}