



{"id":4474,"date":"2023-07-22T11:59:15","date_gmt":"2023-07-22T09:59:15","guid":{"rendered":"https:\/\/kdartvisor.com\/?post_type=product&#038;p=4474"},"modified":"2023-07-22T11:59:16","modified_gmt":"2023-07-22T09:59:16","slug":"au-bout-du-reve","status":"publish","type":"product","link":"https:\/\/kdartvisor.com\/index.php\/produit\/au-bout-du-reve\/","title":{"rendered":"AU BOUT DU R\u00caVE"},"content":{"rendered":"","protected":false},"excerpt":{"rendered":"<p><span style=\"font-size: 10pt;\"><span style=\"color: #000080;\"><strong>CONTACT VENTE 06 73 87 72 06<\/strong><\/span><\/span><\/p>\n<p><span style=\"font-size: 10pt;\">\u0152uvre unique<\/span><\/p>\n<p><span style=\"font-size: 10pt;\">Technique mixte sur toile de lin\u00a0<\/span><\/p>\n<p><span style=\"font-size: 10pt;\">80X80 CM<\/span><\/p>\n<p><span style=\"font-size: 10pt;\">\u0152uvre sign\u00e9e et dat\u00e9e\u00a0<\/span><\/p>\n<p><span style=\"font-size: 10pt;\">Certificat d&rsquo;authenticit\u00e9<\/span><\/p>\n","protected":false},"featured_media":4317,"comment_status":"closed","ping_status":"closed","template":"","meta":[],"product_cat":[92],"product_tag":[93],"_links":{"self":[{"href":"https:\/\/kdartvisor.com\/index.php\/wp-json\/wp\/v2\/product\/4474"}],"collection":[{"href":"https:\/\/kdartvisor.com\/index.php\/wp-json\/wp\/v2\/product"}],"about":[{"href":"https:\/\/kdartvisor.com\/index.php\/wp-json\/wp\/v2\/types\/product"}],"replies":[{"embeddable":true,"href":"https:\/\/kdartvisor.com\/index.php\/wp-json\/wp\/v2\/comments?post=4474"}],"wp:featuredmedia":[{"embeddable":true,"href":"https:\/\/kdartvisor.com\/index.php\/wp-json\/wp\/v2\/media\/4317"}],"wp:attachment":[{"href":"https:\/\/kdartvisor.com\/index.php\/wp-json\/wp\/v2\/media?parent=4474"}],"wp:term":[{"taxonomy":"product_cat","embeddable":true,"href":"https:\/\/kdartvisor.com\/index.php\/wp-json\/wp\/v2\/product_cat?post=4474"},{"taxonomy":"product_tag","embeddable":true,"href":"https:\/\/kdartvisor.com\/index.php\/wp-json\/wp\/v2\/product_tag?post=4474"}],"curies":[{"name":"wp","href":"https:\/\/api.w.org\/{rel}","templated":true}]}}