



{"id":3490,"date":"2022-09-20T09:46:00","date_gmt":"2022-09-20T07:46:00","guid":{"rendered":"https:\/\/kdartvisor.com\/?post_type=product&#038;p=3490"},"modified":"2022-11-27T15:17:26","modified_gmt":"2022-11-27T14:17:26","slug":"diptyque-ecriture-jaune-5-lignes-fond-blanc","status":"publish","type":"product","link":"https:\/\/kdartvisor.com\/index.php\/produit\/diptyque-ecriture-jaune-5-lignes-fond-blanc\/","title":{"rendered":"DIPTYQUE ECRITURE JAUNE 5 LIGNES FOND BLANC"},"content":{"rendered":"","protected":false},"excerpt":{"rendered":"<p style=\"text-align: center;\"><span style=\"color: #0000ff;\"><strong><span style=\"font-size: 10pt;\">CONTACT<\/span>\u00a0VENTE <\/strong><\/span><span style=\"color: #0000ff;\"><strong>06 73 87 72 06<\/strong><\/span><\/p>\n<p style=\"text-align: center;\">\n<p>2021<br \/>\n\u0152uvre unique<\/p>\n<p>Acrylique sur toile<\/p>\n<p>Dimensions 100X160 CM<\/p>\n<p>\u0152uvre sign\u00e9e et dat\u00e9e<br \/>\nCertificat d&rsquo;authenticit\u00e9<\/p>\n<p>&nbsp;<\/p>\n<p>&nbsp;<\/p>\n<p>&nbsp;<\/p>\n","protected":false},"featured_media":2733,"comment_status":"closed","ping_status":"closed","template":"","meta":[],"product_cat":[17,73],"product_tag":[64],"_links":{"self":[{"href":"https:\/\/kdartvisor.com\/index.php\/wp-json\/wp\/v2\/product\/3490"}],"collection":[{"href":"https:\/\/kdartvisor.com\/index.php\/wp-json\/wp\/v2\/product"}],"about":[{"href":"https:\/\/kdartvisor.com\/index.php\/wp-json\/wp\/v2\/types\/product"}],"replies":[{"embeddable":true,"href":"https:\/\/kdartvisor.com\/index.php\/wp-json\/wp\/v2\/comments?post=3490"}],"wp:featuredmedia":[{"embeddable":true,"href":"https:\/\/kdartvisor.com\/index.php\/wp-json\/wp\/v2\/media\/2733"}],"wp:attachment":[{"href":"https:\/\/kdartvisor.com\/index.php\/wp-json\/wp\/v2\/media?parent=3490"}],"wp:term":[{"taxonomy":"product_cat","embeddable":true,"href":"https:\/\/kdartvisor.com\/index.php\/wp-json\/wp\/v2\/product_cat?post=3490"},{"taxonomy":"product_tag","embeddable":true,"href":"https:\/\/kdartvisor.com\/index.php\/wp-json\/wp\/v2\/product_tag?post=3490"}],"curies":[{"name":"wp","href":"https:\/\/api.w.org\/{rel}","templated":true}]}}