



{"id":3467,"date":"2022-09-19T22:16:17","date_gmt":"2022-09-19T20:16:17","guid":{"rendered":"https:\/\/kdartvisor.com\/?post_type=product&#038;p=3467"},"modified":"2023-05-15T08:45:32","modified_gmt":"2023-05-15T06:45:32","slug":"ecritures","status":"publish","type":"product","link":"https:\/\/kdartvisor.com\/index.php\/produit\/ecritures\/","title":{"rendered":"ECRITURES"},"content":{"rendered":"","protected":false},"excerpt":{"rendered":"<p style=\"text-align: center;\"><span style=\"color: #0000ff;\"><strong><span style=\"font-size: 10pt;\">CONTACT<\/span>\u00a0VENTE <\/strong><\/span><span style=\"color: #0000ff;\"><strong>06 73 87 72 06<\/strong><\/span><\/p>\n<p>2021-2022<br \/>\n\u0152uvres uniques<\/p>\n<p>Encre ou acrylique sur papier 300g selon les oeuvres<\/p>\n<p>Dimensions \u00a032 X 26 CM encadr\u00e9<\/p>\n<p>\u0152uvre sign\u00e9e et dat\u00e9e<br \/>\nCertificat d&rsquo;authenticit\u00e9<\/p>\n<p>Photos sur demande<\/p>\n<p>&nbsp;<\/p>\n<p>&nbsp;<\/p>\n<p>&nbsp;<\/p>\n","protected":false},"featured_media":3458,"comment_status":"closed","ping_status":"closed","template":"","meta":[],"product_cat":[17,72,81,71],"product_tag":[64],"_links":{"self":[{"href":"https:\/\/kdartvisor.com\/index.php\/wp-json\/wp\/v2\/product\/3467"}],"collection":[{"href":"https:\/\/kdartvisor.com\/index.php\/wp-json\/wp\/v2\/product"}],"about":[{"href":"https:\/\/kdartvisor.com\/index.php\/wp-json\/wp\/v2\/types\/product"}],"replies":[{"embeddable":true,"href":"https:\/\/kdartvisor.com\/index.php\/wp-json\/wp\/v2\/comments?post=3467"}],"wp:featuredmedia":[{"embeddable":true,"href":"https:\/\/kdartvisor.com\/index.php\/wp-json\/wp\/v2\/media\/3458"}],"wp:attachment":[{"href":"https:\/\/kdartvisor.com\/index.php\/wp-json\/wp\/v2\/media?parent=3467"}],"wp:term":[{"taxonomy":"product_cat","embeddable":true,"href":"https:\/\/kdartvisor.com\/index.php\/wp-json\/wp\/v2\/product_cat?post=3467"},{"taxonomy":"product_tag","embeddable":true,"href":"https:\/\/kdartvisor.com\/index.php\/wp-json\/wp\/v2\/product_tag?post=3467"}],"curies":[{"name":"wp","href":"https:\/\/api.w.org\/{rel}","templated":true}]}}