



{"id":3423,"date":"2022-09-19T10:40:20","date_gmt":"2022-09-19T08:40:20","guid":{"rendered":"https:\/\/kdartvisor.com\/?post_type=product&#038;p=3423"},"modified":"2022-11-27T15:14:19","modified_gmt":"2022-11-27T14:14:19","slug":"figure-2","status":"publish","type":"product","link":"https:\/\/kdartvisor.com\/index.php\/produit\/figure-2\/","title":{"rendered":"FIGURE 2"},"content":{"rendered":"","protected":false},"excerpt":{"rendered":"<p style=\"text-align: center;\"><span style=\"color: #0000ff;\"><strong><span style=\"font-size: 10pt;\">CONTACT<\/span>\u00a0VENTE <\/strong><\/span><span style=\"color: #0000ff;\"><strong>\u00a006 73 87 72 06<\/strong><\/span><\/p>\n<p>2022<br \/>\n\u0152uvre unique<\/p>\n<p>Encre sur papier 300G<\/p>\n<p>Dimensions 65X50 CM<\/p>\n<p>\u0152uvre sign\u00e9e et dat\u00e9e<br \/>\nCertificat d&rsquo;authenticit\u00e9<\/p>\n<p>&nbsp;<\/p>\n<p>&nbsp;<\/p>\n<p>&nbsp;<\/p>\n","protected":false},"featured_media":3424,"comment_status":"closed","ping_status":"closed","template":"","meta":[],"product_cat":[17,81],"product_tag":[64],"_links":{"self":[{"href":"https:\/\/kdartvisor.com\/index.php\/wp-json\/wp\/v2\/product\/3423"}],"collection":[{"href":"https:\/\/kdartvisor.com\/index.php\/wp-json\/wp\/v2\/product"}],"about":[{"href":"https:\/\/kdartvisor.com\/index.php\/wp-json\/wp\/v2\/types\/product"}],"replies":[{"embeddable":true,"href":"https:\/\/kdartvisor.com\/index.php\/wp-json\/wp\/v2\/comments?post=3423"}],"wp:featuredmedia":[{"embeddable":true,"href":"https:\/\/kdartvisor.com\/index.php\/wp-json\/wp\/v2\/media\/3424"}],"wp:attachment":[{"href":"https:\/\/kdartvisor.com\/index.php\/wp-json\/wp\/v2\/media?parent=3423"}],"wp:term":[{"taxonomy":"product_cat","embeddable":true,"href":"https:\/\/kdartvisor.com\/index.php\/wp-json\/wp\/v2\/product_cat?post=3423"},{"taxonomy":"product_tag","embeddable":true,"href":"https:\/\/kdartvisor.com\/index.php\/wp-json\/wp\/v2\/product_tag?post=3423"}],"curies":[{"name":"wp","href":"https:\/\/api.w.org\/{rel}","templated":true}]}}