



{"id":3278,"date":"2022-09-16T13:23:57","date_gmt":"2022-09-16T11:23:57","guid":{"rendered":"https:\/\/kdartvisor.com\/?post_type=product&#038;p=3278"},"modified":"2022-11-27T16:03:42","modified_gmt":"2022-11-27T15:03:42","slug":"ecriture-bleu-outremer-43-lignes-sur-fond-blanc-2","status":"publish","type":"product","link":"https:\/\/kdartvisor.com\/index.php\/produit\/ecriture-bleu-outremer-43-lignes-sur-fond-blanc-2\/","title":{"rendered":"ECRITURE BLEU OUTREMER 43 LIGNES SUR FOND BLANC"},"content":{"rendered":"","protected":false},"excerpt":{"rendered":"<p style=\"text-align: center;\"><span style=\"color: #0000ff;\"><strong>CONTACT VENTE <\/strong><\/span><span style=\"color: #0000ff;\"><strong>06 73 87 72 06<\/strong><\/span><\/p>\n<p>2022<br \/>\n\u0152uvre unique<br \/>\nAcrylique sur toile<\/p>\n<p>Dimensions 190 X 190 CM<\/p>\n<p>\u0152uvre sign\u00e9e et dat\u00e9e<br \/>\nCertificat d&rsquo;authenticit\u00e9<\/p>\n<p>&nbsp;<\/p>\n<p>&nbsp;<\/p>\n","protected":false},"featured_media":3255,"comment_status":"closed","ping_status":"closed","template":"","meta":[],"product_cat":[17,73],"product_tag":[64],"_links":{"self":[{"href":"https:\/\/kdartvisor.com\/index.php\/wp-json\/wp\/v2\/product\/3278"}],"collection":[{"href":"https:\/\/kdartvisor.com\/index.php\/wp-json\/wp\/v2\/product"}],"about":[{"href":"https:\/\/kdartvisor.com\/index.php\/wp-json\/wp\/v2\/types\/product"}],"replies":[{"embeddable":true,"href":"https:\/\/kdartvisor.com\/index.php\/wp-json\/wp\/v2\/comments?post=3278"}],"wp:featuredmedia":[{"embeddable":true,"href":"https:\/\/kdartvisor.com\/index.php\/wp-json\/wp\/v2\/media\/3255"}],"wp:attachment":[{"href":"https:\/\/kdartvisor.com\/index.php\/wp-json\/wp\/v2\/media?parent=3278"}],"wp:term":[{"taxonomy":"product_cat","embeddable":true,"href":"https:\/\/kdartvisor.com\/index.php\/wp-json\/wp\/v2\/product_cat?post=3278"},{"taxonomy":"product_tag","embeddable":true,"href":"https:\/\/kdartvisor.com\/index.php\/wp-json\/wp\/v2\/product_tag?post=3278"}],"curies":[{"name":"wp","href":"https:\/\/api.w.org\/{rel}","templated":true}]}}