



{"id":2935,"date":"2022-05-23T15:41:21","date_gmt":"2022-05-23T13:41:21","guid":{"rendered":"https:\/\/kdartvisor.com\/?post_type=product&#038;p=2935"},"modified":"2022-08-10T10:30:49","modified_gmt":"2022-08-10T08:30:49","slug":"abstraction-100-161-13","status":"publish","type":"product","link":"https:\/\/kdartvisor.com\/index.php\/produit\/abstraction-100-161-13\/","title":{"rendered":"ABSTRACTION 100-161 13"},"content":{"rendered":"","protected":false},"excerpt":{"rendered":"<p><span style=\"font-size: 10pt;\"><span style=\"color: #000080;\"><strong>CONTACT VENTE 06 73 87 72 06<\/strong><\/span><\/span><\/p>\n<p><span style=\"font-size: 10pt;\">\u0152uvre unique<\/span><\/p>\n<p><span style=\"font-size: 10pt;\">Technique mixte sur toile de lin\u00a0<\/span><\/p>\n<p>Peinture, pigments naturels, liants, poudres et feuilles de m\u00e9taux vari\u00e9s<\/p>\n<p><span style=\"font-size: 10pt;\">100X100 cm<\/span><\/p>\n<p><span style=\"font-size: 10pt;\">\u0152uvre sign\u00e9e et dat\u00e9e\u00a0<\/span><\/p>\n<p><span style=\"font-size: 10pt;\">Certificat d&rsquo;authenticit\u00e9<\/span><\/p>\n","protected":false},"featured_media":2929,"comment_status":"closed","ping_status":"closed","template":"","meta":[],"product_cat":[29],"product_tag":[75],"_links":{"self":[{"href":"https:\/\/kdartvisor.com\/index.php\/wp-json\/wp\/v2\/product\/2935"}],"collection":[{"href":"https:\/\/kdartvisor.com\/index.php\/wp-json\/wp\/v2\/product"}],"about":[{"href":"https:\/\/kdartvisor.com\/index.php\/wp-json\/wp\/v2\/types\/product"}],"replies":[{"embeddable":true,"href":"https:\/\/kdartvisor.com\/index.php\/wp-json\/wp\/v2\/comments?post=2935"}],"wp:featuredmedia":[{"embeddable":true,"href":"https:\/\/kdartvisor.com\/index.php\/wp-json\/wp\/v2\/media\/2929"}],"wp:attachment":[{"href":"https:\/\/kdartvisor.com\/index.php\/wp-json\/wp\/v2\/media?parent=2935"}],"wp:term":[{"taxonomy":"product_cat","embeddable":true,"href":"https:\/\/kdartvisor.com\/index.php\/wp-json\/wp\/v2\/product_cat?post=2935"},{"taxonomy":"product_tag","embeddable":true,"href":"https:\/\/kdartvisor.com\/index.php\/wp-json\/wp\/v2\/product_tag?post=2935"}],"curies":[{"name":"wp","href":"https:\/\/api.w.org\/{rel}","templated":true}]}}